{"id":630,"date":"2024-01-05T00:57:53","date_gmt":"2024-01-04T21:57:53","guid":{"rendered":"https:\/\/novemgrup.com\/?page_id=630"},"modified":"2024-01-05T00:59:11","modified_gmt":"2024-01-04T21:59:11","slug":"broker","status":"publish","type":"page","link":"https:\/\/novemgrup.com\/en\/broker\/","title":{"rendered":"Broker"},"content":{"rendered":"<div data-elementor-type=\"wp-page\" data-elementor-id=\"630\" class=\"elementor elementor-630\" data-elementor-post-type=\"page\">\n\t\t\t\t\t\t\t\t\t<section class=\"elementor-section elementor-top-section elementor-element elementor-element-4f552f3 elementor-section-boxed elementor-section-height-default elementor-section-height-default\" data-id=\"4f552f3\" data-element_type=\"section\" data-settings=\"{&quot;jet_parallax_layout_list&quot;:[{&quot;jet_parallax_layout_image&quot;:{&quot;url&quot;:&quot;&quot;,&quot;id&quot;:&quot;&quot;,&quot;size&quot;:&quot;&quot;},&quot;_id&quot;:&quot;dc34168&quot;,&quot;jet_parallax_layout_speed&quot;:{&quot;unit&quot;:&quot;%&quot;,&quot;size&quot;:&quot;50&quot;,&quot;sizes&quot;:[]},&quot;jet_parallax_layout_bg_x&quot;:&quot;50&quot;,&quot;jet_parallax_layout_bg_y&quot;:&quot;50&quot;,&quot;jet_parallax_layout_image_tablet&quot;:{&quot;url&quot;:&quot;&quot;,&quot;id&quot;:&quot;&quot;,&quot;size&quot;:&quot;&quot;},&quot;jet_parallax_layout_image_mobile&quot;:{&quot;url&quot;:&quot;&quot;,&quot;id&quot;:&quot;&quot;,&quot;size&quot;:&quot;&quot;},&quot;jet_parallax_layout_type&quot;:&quot;scroll&quot;,&quot;jet_parallax_layout_direction&quot;:null,&quot;jet_parallax_layout_fx_direction&quot;:null,&quot;jet_parallax_layout_z_index&quot;:&quot;&quot;,&quot;jet_parallax_layout_bg_x_tablet&quot;:&quot;&quot;,&quot;jet_parallax_layout_bg_x_mobile&quot;:&quot;&quot;,&quot;jet_parallax_layout_bg_y_tablet&quot;:&quot;&quot;,&quot;jet_parallax_layout_bg_y_mobile&quot;:&quot;&quot;,&quot;jet_parallax_layout_bg_size&quot;:&quot;auto&quot;,&quot;jet_parallax_layout_bg_size_tablet&quot;:&quot;&quot;,&quot;jet_parallax_layout_bg_size_mobile&quot;:&quot;&quot;,&quot;jet_parallax_layout_animation_prop&quot;:&quot;transform&quot;,&quot;jet_parallax_layout_on&quot;:[&quot;desktop&quot;,&quot;tablet&quot;]}],&quot;background_background&quot;:&quot;slideshow&quot;,&quot;background_slideshow_gallery&quot;:[{&quot;id&quot;:599,&quot;url&quot;:&quot;https:\\\/\\\/novemgrup.com\\\/wp-content\\\/uploads\\\/2024\\\/01\\\/8.png&quot;},{&quot;id&quot;:598,&quot;url&quot;:&quot;https:\\\/\\\/novemgrup.com\\\/wp-content\\\/uploads\\\/2024\\\/01\\\/7.png&quot;},{&quot;id&quot;:597,&quot;url&quot;:&quot;https:\\\/\\\/novemgrup.com\\\/wp-content\\\/uploads\\\/2024\\\/01\\\/6.png&quot;},{&quot;id&quot;:593,&quot;url&quot;:&quot;https:\\\/\\\/novemgrup.com\\\/wp-content\\\/uploads\\\/2024\\\/01\\\/2.png&quot;},{&quot;id&quot;:595,&quot;url&quot;:&quot;https:\\\/\\\/novemgrup.com\\\/wp-content\\\/uploads\\\/2024\\\/01\\\/4.png&quot;},{&quot;id&quot;:601,&quot;url&quot;:&quot;https:\\\/\\\/novemgrup.com\\\/wp-content\\\/uploads\\\/2024\\\/01\\\/10.png&quot;},{&quot;id&quot;:596,&quot;url&quot;:&quot;https:\\\/\\\/novemgrup.com\\\/wp-content\\\/uploads\\\/2024\\\/01\\\/5.png&quot;},{&quot;id&quot;:600,&quot;url&quot;:&quot;https:\\\/\\\/novemgrup.com\\\/wp-content\\\/uploads\\\/2024\\\/01\\\/9.png&quot;},{&quot;id&quot;:594,&quot;url&quot;:&quot;https:\\\/\\\/novemgrup.com\\\/wp-content\\\/uploads\\\/2024\\\/01\\\/3.png&quot;},{&quot;id&quot;:592,&quot;url&quot;:&quot;https:\\\/\\\/novemgrup.com\\\/wp-content\\\/uploads\\\/2024\\\/01\\\/1.png&quot;},{&quot;id&quot;:397,&quot;url&quot;:&quot;https:\\\/\\\/novemgrup.com\\\/wp-content\\\/uploads\\\/2023\\\/12\\\/1.png&quot;},{&quot;id&quot;:398,&quot;url&quot;:&quot;https:\\\/\\\/novemgrup.com\\\/wp-content\\\/uploads\\\/2023\\\/12\\\/2.png&quot;},{&quot;id&quot;:399,&quot;url&quot;:&quot;https:\\\/\\\/novemgrup.com\\\/wp-content\\\/uploads\\\/2023\\\/12\\\/3.png&quot;},{&quot;id&quot;:400,&quot;url&quot;:&quot;https:\\\/\\\/novemgrup.com\\\/wp-content\\\/uploads\\\/2023\\\/12\\\/4.png&quot;},{&quot;id&quot;:401,&quot;url&quot;:&quot;https:\\\/\\\/novemgrup.com\\\/wp-content\\\/uploads\\\/2023\\\/12\\\/5.png&quot;},{&quot;id&quot;:471,&quot;url&quot;:&quot;https:\\\/\\\/novemgrup.com\\\/wp-content\\\/uploads\\\/2023\\\/12\\\/1-2.png&quot;},{&quot;id&quot;:472,&quot;url&quot;:&quot;https:\\\/\\\/novemgrup.com\\\/wp-content\\\/uploads\\\/2023\\\/12\\\/2-2.png&quot;},{&quot;id&quot;:473,&quot;url&quot;:&quot;https:\\\/\\\/novemgrup.com\\\/wp-content\\\/uploads\\\/2023\\\/12\\\/3-2.png&quot;},{&quot;id&quot;:474,&quot;url&quot;:&quot;https:\\\/\\\/novemgrup.com\\\/wp-content\\\/uploads\\\/2023\\\/12\\\/4-2.png&quot;}],&quot;background_slideshow_loop&quot;:&quot;yes&quot;,&quot;background_slideshow_slide_duration&quot;:5000,&quot;background_slideshow_slide_transition&quot;:&quot;fade&quot;,&quot;background_slideshow_transition_duration&quot;:500}\">\n\t\t\t\t\t\t\t<div class=\"elementor-background-overlay\"><\/div>\n\t\t\t\t\t\t\t<div class=\"elementor-container elementor-column-gap-no\">\n\t\t\t\t\t<div class=\"elementor-column elementor-col-100 elementor-top-column elementor-element elementor-element-0272338\" data-id=\"0272338\" data-element_type=\"column\">\n\t\t\t<div class=\"elementor-widget-wrap elementor-element-populated\">\n\t\t\t\t\t\t\t\t<div class=\"elementor-element elementor-element-5888942 elementor-widget elementor-widget-heading\" data-id=\"5888942\" data-element_type=\"widget\" data-widget_type=\"heading.default\">\n\t\t\t\t<div class=\"elementor-widget-container\">\n\t\t\t<style>\/*! elementor - v3.18.0 - 04-12-2023 *\/\n.elementor-heading-title{padding:0;margin:0;line-height:1}.elementor-widget-heading .elementor-heading-title[class*=elementor-size-]>a{color:inherit;font-size:inherit;line-height:inherit}.elementor-widget-heading .elementor-heading-title.elementor-size-small{font-size:15px}.elementor-widget-heading .elementor-heading-title.elementor-size-medium{font-size:19px}.elementor-widget-heading .elementor-heading-title.elementor-size-large{font-size:29px}.elementor-widget-heading .elementor-heading-title.elementor-size-xl{font-size:39px}.elementor-widget-heading .elementor-heading-title.elementor-size-xxl{font-size:59px}<\/style><h1 class=\"elementor-heading-title elementor-size-default\">Welcome to Novem Group<\/h1>\t\t<\/div>\n\t\t\t\t<\/div>\n\t\t\t\t\t<\/div>\n\t\t<\/div>\n\t\t\t\t\t\t\t<\/div>\n\t\t<\/section>\n\t\t<div class=\"elementor-element elementor-element-f9fec10 e-flex e-con-boxed e-con e-parent\" data-id=\"f9fec10\" data-element_type=\"container\" data-settings=\"{&quot;jet_parallax_layout_list&quot;:[],&quot;content_width&quot;:&quot;boxed&quot;}\" data-core-v316-plus=\"true\">\n\t\t\t\t\t<div class=\"e-con-inner\">\n\t\t<div class=\"elementor-element elementor-element-5f63994 e-con-full e-flex elementor-invisible e-con e-child\" data-id=\"5f63994\" data-element_type=\"container\" data-settings=\"{&quot;content_width&quot;:&quot;full&quot;,&quot;jet_parallax_layout_list&quot;:[],&quot;animation&quot;:&quot;fadeInLeft&quot;}\">\n\t\t\t\t<div class=\"elementor-element elementor-element-f3eef0a elementor-widget elementor-widget-heading\" data-id=\"f3eef0a\" data-element_type=\"widget\" data-widget_type=\"heading.default\">\n\t\t\t\t<div class=\"elementor-widget-container\">\n\t\t\t<h2 class=\"elementor-heading-title elementor-size-default\"><a href=\"https:\/\/novemgrup.com\/en\/insaat\/\">Broker<\/a><\/h2>\t\t<\/div>\n\t\t\t\t<\/div>\n\t\t\t\t<div class=\"elementor-element elementor-element-9e95c06 elementor-widget elementor-widget-text-editor\" data-id=\"9e95c06\" data-element_type=\"widget\" data-widget_type=\"text-editor.default\">\n\t\t\t\t<div class=\"elementor-widget-container\">\n\t\t\t<style>\/*! elementor - v3.18.0 - 04-12-2023 *\/\n.elementor-widget-text-editor.elementor-drop-cap-view-stacked .elementor-drop-cap{background-color:#69727d;color:#fff}.elementor-widget-text-editor.elementor-drop-cap-view-framed .elementor-drop-cap{color:#69727d;border:3px solid;background-color:transparent}.elementor-widget-text-editor:not(.elementor-drop-cap-view-default) .elementor-drop-cap{margin-top:8px}.elementor-widget-text-editor:not(.elementor-drop-cap-view-default) .elementor-drop-cap-letter{width:1em;height:1em}.elementor-widget-text-editor .elementor-drop-cap{float:left;text-align:center;line-height:1;font-size:50px}.elementor-widget-text-editor .elementor-drop-cap-letter{display:inline-block}<\/style>\t\t\t\t<p>Novem Group offers comprehensive and customized solutions in the field of broker services to enable our clients to achieve their trading goals. Our company is known for its reliable and effective brokerage services in global markets. We support our customers&#039; decision-making processes by providing expertise in trading transactions, market analysis and risk management. Our team of professional brokers develops flexible and transparent solutions tailored to each customer&#039;s needs, with deep market knowledge and sectoral expertise. As Novem Group, we are dedicated to supporting the success of our customers and adding value to them with our approach focused on rapid adaptation to the fluctuations in financial markets and high customer satisfaction.<\/p>\t\t\t\t\t\t<\/div>\n\t\t\t\t<\/div>\n\t\t\t\t<\/div>\n\t\t<div class=\"elementor-element elementor-element-fe386f2 e-con-full e-flex elementor-invisible e-con e-child\" data-id=\"fe386f2\" data-element_type=\"container\" data-settings=\"{&quot;content_width&quot;:&quot;full&quot;,&quot;jet_parallax_layout_list&quot;:[],&quot;animation&quot;:&quot;fadeInRight&quot;}\">\n\t\t\t\t<div class=\"elementor-element elementor-element-3925ceb elementor-widget elementor-widget-image\" data-id=\"3925ceb\" data-element_type=\"widget\" data-widget_type=\"image.default\">\n\t\t\t\t<div class=\"elementor-widget-container\">\n\t\t\t<style>\/*! elementor - v3.18.0 - 04-12-2023 *\/\n.elementor-widget-image{text-align:center}.elementor-widget-image a{display:inline-block}.elementor-widget-image a img[src$=\".svg\"]{width:48px}.elementor-widget-image img{vertical-align:middle;display:inline-block}<\/style>\t\t\t\t\t\t\t\t\t\t\t\t<img fetchpriority=\"high\" decoding=\"async\" width=\"750\" height=\"350\" src=\"https:\/\/novemgrup.com\/wp-content\/uploads\/2024\/01\/ihracat-1.png\" class=\"attachment-large size-large wp-image-632\" alt=\"\" srcset=\"https:\/\/novemgrup.com\/wp-content\/uploads\/2024\/01\/ihracat-1.png 750w, https:\/\/novemgrup.com\/wp-content\/uploads\/2024\/01\/ihracat-1-300x140.png 300w, https:\/\/novemgrup.com\/wp-content\/uploads\/2024\/01\/ihracat-1-18x8.png 18w\" sizes=\"(max-width: 750px) 100vw, 750px\" \/>\t\t\t\t\t\t\t\t\t\t\t\t\t\t\t<\/div>\n\t\t\t\t<\/div>\n\t\t\t\t<\/div>\n\t\t\t\t\t<\/div>\n\t\t\t\t<\/div>\n\t\t\t\t\t\t\t<\/div>","protected":false},"excerpt":{"rendered":"<p>Welcome to Novem Group Broker Novem Group offers comprehensive and customized brokerage services to help our clients achieve their business goals. Our firm is known for its reliable and effective brokerage services in global markets. We support our clients&#039; decision-making processes by providing expertise in trading, market analysis, and risk management. Our team of professional brokers, with in-depth market knowledge and industry expertise, [\u2026]<\/p>","protected":false},"author":1,"featured_media":0,"parent":0,"menu_order":0,"comment_status":"closed","ping_status":"closed","template":"elementor_header_footer","meta":{"footnotes":""},"class_list":["post-630","page","type-page","status-publish","hentry"],"acf":[],"yoast_head":"<!-- This site is optimized with the Yoast SEO plugin v21.7 - https:\/\/yoast.com\/wordpress\/plugins\/seo\/ -->\n<title>Broker - Novem Group<\/title>\n<meta name=\"robots\" content=\"index, follow, max-snippet:-1, max-image-preview:large, max-video-preview:-1\" \/>\n<link rel=\"canonical\" href=\"https:\/\/novemgrup.com\/en\/broker\/\" \/>\n<meta property=\"og:locale\" content=\"en_US\" \/>\n<meta property=\"og:type\" content=\"article\" \/>\n<meta property=\"og:title\" content=\"Broker - Novem Group\" \/>\n<meta property=\"og:description\" content=\"Novem Group&#8217;a Ho\u015fgeldiniz Broker Novem Group, broker hizmetleri alan\u0131nda, m\u00fc\u015fterilerimizin ticari hedeflerine ula\u015fmalar\u0131n\u0131 sa\u011flamak i\u00e7in kapsaml\u0131 ve \u00f6zelle\u015ftirilmi\u015f \u00e7\u00f6z\u00fcmler sunmaktad\u0131r. Firmam\u0131z, global pazarlarda g\u00fcvenilir ve etkin arac\u0131l\u0131k hizmetleri ile tan\u0131n\u0131r. M\u00fc\u015fterilerimize, al\u0131m-sat\u0131m i\u015flemlerinde, piyasa analizlerinde ve risk y\u00f6netiminde uzmanl\u0131k sunarak, onlar\u0131n karar verme s\u00fcre\u00e7lerini destekleriz. Profesyonel broker ekibimiz, derin piyasa bilgisi ve sekt\u00f6rel uzmanl\u0131kla, her [&hellip;]\" \/>\n<meta property=\"og:url\" content=\"https:\/\/novemgrup.com\/en\/broker\/\" \/>\n<meta property=\"og:site_name\" content=\"Novem Group\" \/>\n<meta property=\"article:modified_time\" content=\"2024-01-04T21:59:11+00:00\" \/>\n<meta property=\"og:image\" content=\"https:\/\/novemgrup.com\/wp-content\/uploads\/2024\/01\/ihracat-1.png\" \/>\n<meta name=\"twitter:card\" content=\"summary_large_image\" \/>\n<script type=\"application\/ld+json\" class=\"yoast-schema-graph\">{\"@context\":\"https:\/\/schema.org\",\"@graph\":[{\"@type\":\"WebPage\",\"@id\":\"https:\/\/novemgrup.com\/broker\/\",\"url\":\"https:\/\/novemgrup.com\/broker\/\",\"name\":\"Broker - Novem Group\",\"isPartOf\":{\"@id\":\"https:\/\/novemgrup.com\/#website\"},\"datePublished\":\"2024-01-04T21:57:53+00:00\",\"dateModified\":\"2024-01-04T21:59:11+00:00\",\"inLanguage\":\"en-US\",\"potentialAction\":[{\"@type\":\"ReadAction\",\"target\":[\"https:\/\/novemgrup.com\/broker\/\"]}]},{\"@type\":\"WebSite\",\"@id\":\"https:\/\/novemgrup.com\/#website\",\"url\":\"https:\/\/novemgrup.com\/\",\"name\":\"Novem Group\",\"description\":\"Havaland\u0131rma Sistemleri ve Yang\u0131n S\u00f6nd\u00fcrme Borular\u0131\",\"potentialAction\":[{\"@type\":\"SearchAction\",\"target\":{\"@type\":\"EntryPoint\",\"urlTemplate\":\"https:\/\/novemgrup.com\/?s={search_term_string}\"},\"query-input\":\"required name=search_term_string\"}],\"inLanguage\":\"en-US\"}]}<\/script>\n<!-- \/ Yoast SEO plugin. -->","yoast_head_json":{"title":"Broker - Novem Group","robots":{"index":"index","follow":"follow","max-snippet":"max-snippet:-1","max-image-preview":"max-image-preview:large","max-video-preview":"max-video-preview:-1"},"canonical":"https:\/\/novemgrup.com\/en\/broker\/","og_locale":"en_US","og_type":"article","og_title":"Broker - Novem Group","og_description":"Novem Group&#8217;a Ho\u015fgeldiniz Broker Novem Group, broker hizmetleri alan\u0131nda, m\u00fc\u015fterilerimizin ticari hedeflerine ula\u015fmalar\u0131n\u0131 sa\u011flamak i\u00e7in kapsaml\u0131 ve \u00f6zelle\u015ftirilmi\u015f \u00e7\u00f6z\u00fcmler sunmaktad\u0131r. Firmam\u0131z, global pazarlarda g\u00fcvenilir ve etkin arac\u0131l\u0131k hizmetleri ile tan\u0131n\u0131r. M\u00fc\u015fterilerimize, al\u0131m-sat\u0131m i\u015flemlerinde, piyasa analizlerinde ve risk y\u00f6netiminde uzmanl\u0131k sunarak, onlar\u0131n karar verme s\u00fcre\u00e7lerini destekleriz. Profesyonel broker ekibimiz, derin piyasa bilgisi ve sekt\u00f6rel uzmanl\u0131kla, her [&hellip;]","og_url":"https:\/\/novemgrup.com\/en\/broker\/","og_site_name":"Novem Group","article_modified_time":"2024-01-04T21:59:11+00:00","og_image":[{"url":"https:\/\/novemgrup.com\/wp-content\/uploads\/2024\/01\/ihracat-1.png"}],"twitter_card":"summary_large_image","schema":{"@context":"https:\/\/schema.org","@graph":[{"@type":"WebPage","@id":"https:\/\/novemgrup.com\/broker\/","url":"https:\/\/novemgrup.com\/broker\/","name":"Broker - Novem Group","isPartOf":{"@id":"https:\/\/novemgrup.com\/#website"},"datePublished":"2024-01-04T21:57:53+00:00","dateModified":"2024-01-04T21:59:11+00:00","inLanguage":"en-US","potentialAction":[{"@type":"ReadAction","target":["https:\/\/novemgrup.com\/broker\/"]}]},{"@type":"WebSite","@id":"https:\/\/novemgrup.com\/#website","url":"https:\/\/novemgrup.com\/","name":"Novem Group","description":"Havaland\u0131rma Sistemleri ve Yang\u0131n S\u00f6nd\u00fcrme Borular\u0131","potentialAction":[{"@type":"SearchAction","target":{"@type":"EntryPoint","urlTemplate":"https:\/\/novemgrup.com\/?s={search_term_string}"},"query-input":"required name=search_term_string"}],"inLanguage":"en-US"}]}},"_links":{"self":[{"href":"https:\/\/novemgrup.com\/en\/wp-json\/wp\/v2\/pages\/630","targetHints":{"allow":["GET"]}}],"collection":[{"href":"https:\/\/novemgrup.com\/en\/wp-json\/wp\/v2\/pages"}],"about":[{"href":"https:\/\/novemgrup.com\/en\/wp-json\/wp\/v2\/types\/page"}],"author":[{"embeddable":true,"href":"https:\/\/novemgrup.com\/en\/wp-json\/wp\/v2\/users\/1"}],"replies":[{"embeddable":true,"href":"https:\/\/novemgrup.com\/en\/wp-json\/wp\/v2\/comments?post=630"}],"version-history":[{"count":4,"href":"https:\/\/novemgrup.com\/en\/wp-json\/wp\/v2\/pages\/630\/revisions"}],"predecessor-version":[{"id":635,"href":"https:\/\/novemgrup.com\/en\/wp-json\/wp\/v2\/pages\/630\/revisions\/635"}],"wp:attachment":[{"href":"https:\/\/novemgrup.com\/en\/wp-json\/wp\/v2\/media?parent=630"}],"curies":[{"name":"wp","href":"https:\/\/api.w.org\/{rel}","templated":true}]}}